{"id":568,"date":"2024-10-10T22:29:06","date_gmt":"2024-10-10T20:29:06","guid":{"rendered":"https:\/\/kernbeisser.world\/?page_id=568"},"modified":"2025-06-05T18:30:03","modified_gmt":"2025-06-05T16:30:03","slug":"soulcollage","status":"publish","type":"page","link":"https:\/\/kernbeisser.world\/?page_id=568","title":{"rendered":"SoulCollage\u00ae"},"content":{"rendered":"\n<figure class=\"wp-block-image size-large is-resized\"><img loading=\"lazy\" decoding=\"async\" width=\"1024\" height=\"263\" src=\"https:\/\/kernbeisser.world\/wp-content\/uploads\/2024\/10\/facilitator_logo-slogan_A1v1_7-RGB-1024x263.png\" alt=\"\" class=\"wp-image-576\" style=\"width:467px;height:auto\" srcset=\"https:\/\/kernbeisser.world\/wp-content\/uploads\/2024\/10\/facilitator_logo-slogan_A1v1_7-RGB-1024x263.png 1024w, https:\/\/kernbeisser.world\/wp-content\/uploads\/2024\/10\/facilitator_logo-slogan_A1v1_7-RGB-300x77.png 300w, https:\/\/kernbeisser.world\/wp-content\/uploads\/2024\/10\/facilitator_logo-slogan_A1v1_7-RGB-768x197.png 768w, https:\/\/kernbeisser.world\/wp-content\/uploads\/2024\/10\/facilitator_logo-slogan_A1v1_7-RGB-1536x394.png 1536w, https:\/\/kernbeisser.world\/wp-content\/uploads\/2024\/10\/facilitator_logo-slogan_A1v1_7-RGB.png 1920w\" sizes=\"auto, (max-width: 1024px) 100vw, 1024px\" \/><\/figure>\n\n\n\n<p>Ich habe einen Schatz gefunden und m\u00f6chte ihn mit euch teilen! SoulCollage\u00ae ist wie ein Schatz, den man immer wieder ausgr\u00e4bt, um ihn zu bewundern.<\/p>\n\n\n\n<p>Mit SoulCollage\u00ae begeben wir uns behutsam in die Bilderwelt der Seele. Die Bilder, die in diesem Prozess entstehen, sind Mosaiksteine dessen, was uns ausmacht. So wird unsere innere Weisheit sichtbar.<\/p>\n\n\n\n<p>Intuitiv entstehen Collagen im Kartenformat. Mit der Zeit entsteht ein eigenes Kartenspiel, das viel \u00fcber uns selbst zu sagen hat. Hiermit k\u00f6nnen wir sch\u00f6pferisch sein und Antworten auf das erhalten, was uns bewegt. In einer ganz bestimmten Kommunikationsform sprechen uns die Karten aus dem Herzen und verbinden uns voller Respekt miteinander und mit uns selbst.<\/p>\n\n\n\n<p>SoulCollage\u00ae&nbsp;ist ber\u00fchrend. Die Bilder k\u00f6nnen das sagen, f\u00fcr was uns in dem Moment noch die Worte fehlen. Wie ein Blick in den Spiegel kann es sein, die entstandene Karte zu betrachten und auszusprechen, was sie zu sagen hat. <\/p>\n\n\n\n<p>SoulCollage\u00ae ist einfach und f\u00fcr jeden zug\u00e4nglich. Es erfordert keine k\u00fcnstlerischen Vorkenntnisse, da der Fokus auf dem Prozess liegt, nicht auf dem Endergebnis. Es f\u00f6rdert Achtsamkeit, Kreativit\u00e4t und innere Klarheit, da durch die Karten pers\u00f6nliche Themen sichtbar gemacht und besser verstanden werden k\u00f6nnen.<\/p>\n\n\n\n<p>Diese Methode wird oft in Gruppen oder Workshops angewendet, kann aber auch alleine praktiziert werden. Es ist eine sanfte und effektive M\u00f6glichkeit, um sich selbst besser kennenzulernen.<\/p>\n\n\n\n<p>SoulCollage\u00ae ist eine Einladung, sich intuitiv und kreativ auf eine Reise zu sich selbst zu begeben. Mit Neugier und Spa\u00df!<\/p>\n\n\n\n<p>Interessiert dich das? Bei Fragen und Ideen zu einem Setting f\u00fcr einen Workshop oder \u00c4hnliches schreib mir eine Mail an <a href=\"mailto:post@kernbeisser.world\">post@kernbeisser.world<\/a><\/p>\n\n\n\n<p><\/p>\n\n\n\n<p class=\"has-small-font-size\">SoulCollage\u00ae ist eine registrierte Marke. Um diese Methode in deine Arbeit zu integrieren oder offiziell weiterzugeben, braucht es ein SoulCollage\u00ae Facilitator Training. Infos dazu gibt es hier: <a href=\"https:\/\/www.soulcollage.ch\/trainings\/\">HIER<\/a><\/p>\n\n\n\n<div style=\"height:50px\" aria-hidden=\"true\" class=\"wp-block-spacer\"><\/div>\n\n\n\n<h2 class=\"wp-block-heading\">Die Gr\u00fcnderin von SoulCollage\u00ae<\/h2>\n\n\n\n<p>Ende der achtziger Jahre wurde SoulCollage\u00ae von der Amerikanerin Seena B. Frost entwickelt. Sie war Psychotherapeutin und Theologin mit viel Humor und Tiefgang. Ihre Ideen sind herrlich ansteckend und inspirieren auch \u00fcber ihren Tod hinaus. In ihrem Buch \u00abSoulCollage\u00ae \u2013 Kreativbilder der Seele\u00bb beschreibt sie eindr\u00fccklich die Methode und den Hintergrund ihrer Arbeit.<\/p>\n\n\n\n<div style=\"height:53px\" aria-hidden=\"true\" class=\"wp-block-spacer\"><\/div>\n\n\n\n<figure class=\"wp-block-gallery has-nested-images columns-default is-cropped wp-block-gallery-1 is-layout-flex wp-block-gallery-is-layout-flex\"><\/figure>\n","protected":false},"excerpt":{"rendered":"<p>Ich habe einen Schatz gefunden und m\u00f6chte ihn mit euch teilen! SoulCollage\u00ae ist wie ein Schatz, den man immer wieder ausgr\u00e4bt, um ihn zu bewundern. Mit SoulCollage\u00ae begeben wir uns behutsam in die Bilderwelt der Seele. Die Bilder, die in diesem Prozess entstehen, sind Mosaiksteine dessen, was uns ausmacht. So wird unsere innere Weisheit sichtbar. [&hellip;]<\/p>\n","protected":false},"author":2,"featured_media":569,"parent":0,"menu_order":0,"comment_status":"closed","ping_status":"closed","template":"","meta":{"inline_featured_image":false,"footnotes":""},"class_list":["post-568","page","type-page","status-publish","has-post-thumbnail","hentry"],"_links":{"self":[{"href":"https:\/\/kernbeisser.world\/index.php?rest_route=\/wp\/v2\/pages\/568","targetHints":{"allow":["GET"]}}],"collection":[{"href":"https:\/\/kernbeisser.world\/index.php?rest_route=\/wp\/v2\/pages"}],"about":[{"href":"https:\/\/kernbeisser.world\/index.php?rest_route=\/wp\/v2\/types\/page"}],"author":[{"embeddable":true,"href":"https:\/\/kernbeisser.world\/index.php?rest_route=\/wp\/v2\/users\/2"}],"replies":[{"embeddable":true,"href":"https:\/\/kernbeisser.world\/index.php?rest_route=%2Fwp%2Fv2%2Fcomments&post=568"}],"version-history":[{"count":21,"href":"https:\/\/kernbeisser.world\/index.php?rest_route=\/wp\/v2\/pages\/568\/revisions"}],"predecessor-version":[{"id":785,"href":"https:\/\/kernbeisser.world\/index.php?rest_route=\/wp\/v2\/pages\/568\/revisions\/785"}],"wp:featuredmedia":[{"embeddable":true,"href":"https:\/\/kernbeisser.world\/index.php?rest_route=\/wp\/v2\/media\/569"}],"wp:attachment":[{"href":"https:\/\/kernbeisser.world\/index.php?rest_route=%2Fwp%2Fv2%2Fmedia&parent=568"}],"curies":[{"name":"wp","href":"https:\/\/api.w.org\/{rel}","templated":true}]}}