{"id":2,"date":"2016-05-10T03:48:21","date_gmt":"2016-05-10T01:48:21","guid":{"rendered":"https:\/\/kernbeisser.burkamp-online.de\/?page_id=2"},"modified":"2023-02-01T00:06:57","modified_gmt":"2023-01-31T23:06:57","slug":"ueber-mich","status":"publish","type":"page","link":"https:\/\/kernbeisser.world\/?page_id=2","title":{"rendered":"Die Idee"},"content":{"rendered":"\n<p>Es ist eine lange Geschichte mit der Kirche und mir. Manchmal erfreulich, oft aber auch nicht. In den letzten Jahren habe ich mich immer mehr falsch gef\u00fchlt in dem kirchlichen System. Ich bin unbequem geworden, habe unpopul\u00e4re Fragen gestellt und bin immer mehr zu dem Schluss gekommen, dass all die W\u00fcrden- und Amtstr\u00e4ger und Traditionalisten der Evangelischen Kirche mir meine geistliche Heimat geraubt haben.<\/p>\n\n\n\n<p>So habe ich mich f\u00fcr ein paar Jahre in ein Jammertal begeben, in dem ich mich klar gegen etwas positioniert habe. Und ich habe wirklich gejammert und geschimpft. Ja, so war das und dann bin ich 50 geworden und irgendwie hat mir mein Blick auf mich gezeigt, dass da was nicht passt. Und es kamen Fragen. Will ich ein 50 j\u00e4hriger Jammerlappen sein? Will ich eine schimpfende Alte werden? Will ich gegen so viel sein? Diese Fragen kamen und blieben erstmal als Fragezeichen bei mir. Ein paar Monate sp\u00e4ter habe ich mich in unbekannte Gefilde begeben, vor denen ich mich auch ein bisschen gef\u00fcrchtet habe. Ich habe ein schamanisches Seminar besucht, in dem ich mich mit meinem Weg als K\u00fcnstlerin auseinandersetzen wollte. Meine Arbeit als Clownin war seit Beginn der Pandemie eingetuppert und wollte bis dahin auch noch nicht wieder aus der Dose raus. So und nun war ich da mit der Tupperdose und mir und all den Fragen aus dem Jammertal.<\/p>\n\n\n\n<p>Ich habe mich auf das Seminar eingelassen mit allem Fremden darin. Und ich konnte es mir vertraut machen, weil ich in Allem meinen Weg gehen konnte. In Allem konnte ich innerlich und \u00e4u\u00dferlich auf meinen Pfaden bleiben. In diesen Tagen wurde mir ein Segen geschenkt, wie ich ihn in meinen Jahrzehnten in der Kirche niemals empfangen habe. Hier tanzte der heilige Geist. Er brachte mir Erm\u00e4chtigung, Segen und W\u00fcrde f\u00fcr mich und meinen Weg. In der darauffolgenden Zeit habe ich gemerkt, dass sich etwas ver\u00e4ndert hat. Ich sp\u00fcre Vieles anders und gehe anders durch meine Tage. Irgendetwas hat sich in mir vers\u00f6hnt. Wow! Das macht dankbar! Ich merke, dass etwas zur Ruhe kommt in mir und nicht mehr k\u00e4mpfen will. Ich merke, dass ich nicht mehr dagegen sein will. Ich will echt sein und auch hinterfragend, um wahrhaftig zu sein. Und ich will viel mehr f\u00fcr das sein, was mich begeistert, was mein Leben bereichert und auf die Suche nach diesen Dingen gehen. Da stehe ich nun mit einem fetten Segen und dem Entschluss, diesen in mir vers\u00f6hnten Weg aufzunehmen. Und da ist noch die Tupperdose, deren Deckel sich wieder \u00f6ffnet. Heraus kommt ein Wesen, das meinem Clown entwachsen ist. Es ist die N\u00e4rrin, die hier auch mitreden will. Ihre Perspektive soll die Inhalte des Blogs bereichern. So m\u00f6chte ich mein spirituelles Leben teilen. Ich m\u00f6chte Weggef\u00e4hrten und Gef\u00e4hrtinnen finden, die sich mit mir auf machen. Das ist der Beginn dieses Blogs und ich freue mich, dass du mich hier gefunden hast. Vielleicht hast du Lust, dich mit mir auf den Weg zu machen.<\/p>\n\n\n\n<p>Und das bin ich, Bettina Fr\u00f6hlich-Burkamp.<\/p>\n\n\n\n<figure class=\"wp-block-image aligncenter size-medium\"><img loading=\"lazy\" decoding=\"async\" width=\"200\" height=\"300\" src=\"https:\/\/kernbeisser.burkamp-online.de\/wp-content\/uploads\/2023\/01\/Bettina-Portrait-200x300.jpg\" alt=\"Bettina Fr\u00f6hlich-Burkamp\" class=\"wp-image-45\" srcset=\"https:\/\/kernbeisser.world\/wp-content\/uploads\/2023\/01\/Bettina-Portrait-200x300.jpg 200w, https:\/\/kernbeisser.world\/wp-content\/uploads\/2023\/01\/Bettina-Portrait-683x1024.jpg 683w, https:\/\/kernbeisser.world\/wp-content\/uploads\/2023\/01\/Bettina-Portrait-768x1152.jpg 768w, https:\/\/kernbeisser.world\/wp-content\/uploads\/2023\/01\/Bettina-Portrait-1024x1536.jpg 1024w, https:\/\/kernbeisser.world\/wp-content\/uploads\/2023\/01\/Bettina-Portrait.jpg 1280w\" sizes=\"auto, (max-width: 200px) 100vw, 200px\" \/><\/figure>\n","protected":false},"excerpt":{"rendered":"<p>Es ist eine lange Geschichte mit der Kirche und mir. Manchmal erfreulich, oft aber auch nicht. In den letzten Jahren habe ich mich immer mehr falsch gef\u00fchlt in dem kirchlichen System. Ich bin unbequem geworden, habe unpopul\u00e4re Fragen gestellt und bin immer mehr zu dem Schluss gekommen, dass all die W\u00fcrden- und Amtstr\u00e4ger und Traditionalisten [&hellip;]<\/p>\n","protected":false},"author":1,"featured_media":99,"parent":0,"menu_order":-2,"comment_status":"closed","ping_status":"closed","template":"","meta":{"inline_featured_image":false,"footnotes":""},"class_list":["post-2","page","type-page","status-publish","has-post-thumbnail","hentry"],"_links":{"self":[{"href":"https:\/\/kernbeisser.world\/index.php?rest_route=\/wp\/v2\/pages\/2","targetHints":{"allow":["GET"]}}],"collection":[{"href":"https:\/\/kernbeisser.world\/index.php?rest_route=\/wp\/v2\/pages"}],"about":[{"href":"https:\/\/kernbeisser.world\/index.php?rest_route=\/wp\/v2\/types\/page"}],"author":[{"embeddable":true,"href":"https:\/\/kernbeisser.world\/index.php?rest_route=\/wp\/v2\/users\/1"}],"replies":[{"embeddable":true,"href":"https:\/\/kernbeisser.world\/index.php?rest_route=%2Fwp%2Fv2%2Fcomments&post=2"}],"version-history":[{"count":9,"href":"https:\/\/kernbeisser.world\/index.php?rest_route=\/wp\/v2\/pages\/2\/revisions"}],"predecessor-version":[{"id":140,"href":"https:\/\/kernbeisser.world\/index.php?rest_route=\/wp\/v2\/pages\/2\/revisions\/140"}],"wp:featuredmedia":[{"embeddable":true,"href":"https:\/\/kernbeisser.world\/index.php?rest_route=\/wp\/v2\/media\/99"}],"wp:attachment":[{"href":"https:\/\/kernbeisser.world\/index.php?rest_route=%2Fwp%2Fv2%2Fmedia&parent=2"}],"curies":[{"name":"wp","href":"https:\/\/api.w.org\/{rel}","templated":true}]}}